{"id":4932,"date":"2021-11-03T09:55:53","date_gmt":"2021-11-03T12:55:53","guid":{"rendered":"http:\/\/atacado.escribapapelaria.com.br\/?post_type=product&#038;p=4932"},"modified":"2021-11-03T09:55:53","modified_gmt":"2021-11-03T12:55:53","slug":"lapiseira-0-9mm-tecnica-triangular-jocar-office","status":"publish","type":"product","link":"https:\/\/atacado.escribapapelaria.com.br\/index.php\/produto\/lapiseira-0-9mm-tecnica-triangular-jocar-office\/","title":{"rendered":"Lapiseira 0.9mm &#8211; T\u00e9cnica Triangular &#8211; Jocar Office"},"content":{"rendered":"<p>Lapiseira 0.9mm &#8211; T\u00e9cnica Triangular &#8211; Jocar Office<\/p>\n<p>(04 op\u00e7\u00f5es de cores)<\/p>\n<p><strong>CAIXA COM 12 UNIDADES<\/strong><\/p>\n","protected":false},"excerpt":{"rendered":"<p>Lapiseira 0.9mm &#8211; T\u00e9cnica Triangular &#8211; Jocar Office (04 op\u00e7\u00f5es de cores) CAIXA COM 12 UNIDADES<\/p>\n","protected":false},"featured_media":4933,"comment_status":"open","ping_status":"closed","template":"","meta":{"spay_email":""},"jetpack_sharing_enabled":true,"_links":{"self":[{"href":"https:\/\/atacado.escribapapelaria.com.br\/index.php\/wp-json\/wp\/v2\/product\/4932"}],"collection":[{"href":"https:\/\/atacado.escribapapelaria.com.br\/index.php\/wp-json\/wp\/v2\/product"}],"about":[{"href":"https:\/\/atacado.escribapapelaria.com.br\/index.php\/wp-json\/wp\/v2\/types\/product"}],"replies":[{"embeddable":true,"href":"https:\/\/atacado.escribapapelaria.com.br\/index.php\/wp-json\/wp\/v2\/comments?post=4932"}],"wp:featuredmedia":[{"embeddable":true,"href":"https:\/\/atacado.escribapapelaria.com.br\/index.php\/wp-json\/wp\/v2\/media\/4933"}],"wp:attachment":[{"href":"https:\/\/atacado.escribapapelaria.com.br\/index.php\/wp-json\/wp\/v2\/media?parent=4932"}],"curies":[{"name":"wp","href":"https:\/\/api.w.org\/{rel}","templated":true}]}}