{"id":4821,"date":"2021-10-27T16:36:13","date_gmt":"2021-10-27T19:36:13","guid":{"rendered":"http:\/\/atacado.escribapapelaria.com.br\/?post_type=product&#038;p=4821"},"modified":"2021-10-27T16:40:16","modified_gmt":"2021-10-27T19:40:16","slug":"giz-de-cera-12-cores-gizao-acrilex","status":"publish","type":"product","link":"https:\/\/atacado.escribapapelaria.com.br\/index.php\/produto\/giz-de-cera-12-cores-gizao-acrilex\/","title":{"rendered":"Giz de Cera &#8211; 12 cores &#8211; Giz\u00e3o &#8211; L\u00e9o &#038; L\u00e9o"},"content":{"rendered":"<p>Giz de Cera &#8211; 12 cores &#8211; Giz\u00e3o &#8211; L\u00e9o &amp; L\u00e9o<\/p>\n<p><strong>PACOTE COM 12 UNIDADES<\/strong><\/p>\n","protected":false},"excerpt":{"rendered":"<p>Giz de Cera &#8211; 12 cores &#8211; Giz\u00e3o &#8211; L\u00e9o &amp; L\u00e9o PACOTE COM 12 UNIDADES<\/p>\n","protected":false},"featured_media":4822,"comment_status":"open","ping_status":"closed","template":"","meta":{"spay_email":""},"jetpack_sharing_enabled":true,"_links":{"self":[{"href":"https:\/\/atacado.escribapapelaria.com.br\/index.php\/wp-json\/wp\/v2\/product\/4821"}],"collection":[{"href":"https:\/\/atacado.escribapapelaria.com.br\/index.php\/wp-json\/wp\/v2\/product"}],"about":[{"href":"https:\/\/atacado.escribapapelaria.com.br\/index.php\/wp-json\/wp\/v2\/types\/product"}],"replies":[{"embeddable":true,"href":"https:\/\/atacado.escribapapelaria.com.br\/index.php\/wp-json\/wp\/v2\/comments?post=4821"}],"wp:featuredmedia":[{"embeddable":true,"href":"https:\/\/atacado.escribapapelaria.com.br\/index.php\/wp-json\/wp\/v2\/media\/4822"}],"wp:attachment":[{"href":"https:\/\/atacado.escribapapelaria.com.br\/index.php\/wp-json\/wp\/v2\/media?parent=4821"}],"curies":[{"name":"wp","href":"https:\/\/api.w.org\/{rel}","templated":true}]}}