{"id":4704,"date":"2021-10-26T09:26:59","date_gmt":"2021-10-26T12:26:59","guid":{"rendered":"http:\/\/atacado.escribapapelaria.com.br\/?post_type=product&#038;p=4704"},"modified":"2021-10-26T09:26:59","modified_gmt":"2021-10-26T12:26:59","slug":"estilete-kit-precisao-soft-6-laminas-leonora","status":"publish","type":"product","link":"https:\/\/atacado.escribapapelaria.com.br\/index.php\/produto\/estilete-kit-precisao-soft-6-laminas-leonora\/","title":{"rendered":"Estilete kit precis\u00e3o soft 6 l\u00e2minas &#8211; Leonora"},"content":{"rendered":"<p>Estilete kit precis\u00e3o soft 6 l\u00e2minas &#8211; Leonora<\/p>\n<p><strong>UNIDADE<\/strong><\/p>\n","protected":false},"excerpt":{"rendered":"<p>Estilete kit precis\u00e3o soft 6 l\u00e2minas &#8211; Leonora UNIDADE<\/p>\n","protected":false},"featured_media":4705,"comment_status":"open","ping_status":"closed","template":"","meta":{"spay_email":""},"jetpack_sharing_enabled":true,"_links":{"self":[{"href":"https:\/\/atacado.escribapapelaria.com.br\/index.php\/wp-json\/wp\/v2\/product\/4704"}],"collection":[{"href":"https:\/\/atacado.escribapapelaria.com.br\/index.php\/wp-json\/wp\/v2\/product"}],"about":[{"href":"https:\/\/atacado.escribapapelaria.com.br\/index.php\/wp-json\/wp\/v2\/types\/product"}],"replies":[{"embeddable":true,"href":"https:\/\/atacado.escribapapelaria.com.br\/index.php\/wp-json\/wp\/v2\/comments?post=4704"}],"wp:featuredmedia":[{"embeddable":true,"href":"https:\/\/atacado.escribapapelaria.com.br\/index.php\/wp-json\/wp\/v2\/media\/4705"}],"wp:attachment":[{"href":"https:\/\/atacado.escribapapelaria.com.br\/index.php\/wp-json\/wp\/v2\/media?parent=4704"}],"curies":[{"name":"wp","href":"https:\/\/api.w.org\/{rel}","templated":true}]}}