{"id":4700,"date":"2021-10-25T16:30:41","date_gmt":"2021-10-25T19:30:41","guid":{"rendered":"http:\/\/atacado.escribapapelaria.com.br\/?post_type=product&#038;p=4700"},"modified":"2021-10-25T16:30:42","modified_gmt":"2021-10-25T19:30:42","slug":"cola-em-bastao-leo-leo-40g","status":"publish","type":"product","link":"https:\/\/atacado.escribapapelaria.com.br\/index.php\/produto\/cola-em-bastao-leo-leo-40g\/","title":{"rendered":"Cola em bast\u00e3o L\u00e9o &#038; L\u00e9o &#8211; 40g"},"content":{"rendered":"<p>Cola em bast\u00e3o L\u00e9o &amp; L\u00e9o &#8211; 40g<\/p>\n<p><strong>PACOTE COM 06 UNIDADES<\/strong><\/p>\n","protected":false},"excerpt":{"rendered":"<p>Cola em bast\u00e3o L\u00e9o &amp; L\u00e9o &#8211; 40g PACOTE COM 06 UNIDADES<\/p>\n","protected":false},"featured_media":4701,"comment_status":"open","ping_status":"closed","template":"","meta":{"spay_email":""},"jetpack_sharing_enabled":true,"_links":{"self":[{"href":"https:\/\/atacado.escribapapelaria.com.br\/index.php\/wp-json\/wp\/v2\/product\/4700"}],"collection":[{"href":"https:\/\/atacado.escribapapelaria.com.br\/index.php\/wp-json\/wp\/v2\/product"}],"about":[{"href":"https:\/\/atacado.escribapapelaria.com.br\/index.php\/wp-json\/wp\/v2\/types\/product"}],"replies":[{"embeddable":true,"href":"https:\/\/atacado.escribapapelaria.com.br\/index.php\/wp-json\/wp\/v2\/comments?post=4700"}],"wp:featuredmedia":[{"embeddable":true,"href":"https:\/\/atacado.escribapapelaria.com.br\/index.php\/wp-json\/wp\/v2\/media\/4701"}],"wp:attachment":[{"href":"https:\/\/atacado.escribapapelaria.com.br\/index.php\/wp-json\/wp\/v2\/media?parent=4700"}],"curies":[{"name":"wp","href":"https:\/\/api.w.org\/{rel}","templated":true}]}}