{"id":4698,"date":"2021-10-25T16:27:53","date_gmt":"2021-10-25T19:27:53","guid":{"rendered":"http:\/\/atacado.escribapapelaria.com.br\/?post_type=product&#038;p=4698"},"modified":"2021-10-25T16:27:53","modified_gmt":"2021-10-25T19:27:53","slug":"cola-em-bastao-leo-leo-21g","status":"publish","type":"product","link":"https:\/\/atacado.escribapapelaria.com.br\/index.php\/produto\/cola-em-bastao-leo-leo-21g\/","title":{"rendered":"Cola em bast\u00e3o L\u00e9o &#038; L\u00e9o &#8211; 21g"},"content":{"rendered":"<p>Cola em bast\u00e3o L\u00e9o &amp; L\u00e9o &#8211; 21g<\/p>\n<p><strong>PACOTE COM 12 UNIDADES<\/strong><\/p>\n","protected":false},"excerpt":{"rendered":"<p>Cola em bast\u00e3o L\u00e9o &amp; L\u00e9o &#8211; 21g PACOTE COM 12 UNIDADES<\/p>\n","protected":false},"featured_media":4699,"comment_status":"open","ping_status":"closed","template":"","meta":{"spay_email":""},"jetpack_sharing_enabled":true,"_links":{"self":[{"href":"https:\/\/atacado.escribapapelaria.com.br\/index.php\/wp-json\/wp\/v2\/product\/4698"}],"collection":[{"href":"https:\/\/atacado.escribapapelaria.com.br\/index.php\/wp-json\/wp\/v2\/product"}],"about":[{"href":"https:\/\/atacado.escribapapelaria.com.br\/index.php\/wp-json\/wp\/v2\/types\/product"}],"replies":[{"embeddable":true,"href":"https:\/\/atacado.escribapapelaria.com.br\/index.php\/wp-json\/wp\/v2\/comments?post=4698"}],"wp:featuredmedia":[{"embeddable":true,"href":"https:\/\/atacado.escribapapelaria.com.br\/index.php\/wp-json\/wp\/v2\/media\/4699"}],"wp:attachment":[{"href":"https:\/\/atacado.escribapapelaria.com.br\/index.php\/wp-json\/wp\/v2\/media?parent=4698"}],"curies":[{"name":"wp","href":"https:\/\/api.w.org\/{rel}","templated":true}]}}