{"id":3225,"date":"2020-12-08T11:08:11","date_gmt":"2020-12-08T14:08:11","guid":{"rendered":"http:\/\/atacado.escribapapelaria.com.br\/index.php\/produto\/import-placeholder-for-1802\/"},"modified":"2021-02-03T15:53:12","modified_gmt":"2021-02-03T18:53:12","slug":"tesoura-escolar-cores-sortidas-13cm","status":"publish","type":"product","link":"https:\/\/atacado.escribapapelaria.com.br\/index.php\/produto\/tesoura-escolar-cores-sortidas-13cm\/","title":{"rendered":"Tesoura escolar -Cores sortidas 13cm &#8211; L\u00e9o &#038; L\u00e9o"},"content":{"rendered":"<p>Tesoura escolar -Cores sortidas 13cm &#8211; L\u00e9o &amp; L\u00e9o<\/p>\n<p><strong>CAIXA COM 12 UNIDADES<\/strong><\/p>\n","protected":false},"excerpt":{"rendered":"<p>Tesoura escolar -Cores sortidas 13cm &#8211; L\u00e9o &amp; L\u00e9o CAIXA COM 12 UNIDADES<\/p>\n","protected":false},"featured_media":4011,"comment_status":"open","ping_status":"closed","template":"","meta":{"spay_email":""},"jetpack_sharing_enabled":true,"_links":{"self":[{"href":"https:\/\/atacado.escribapapelaria.com.br\/index.php\/wp-json\/wp\/v2\/product\/3225"}],"collection":[{"href":"https:\/\/atacado.escribapapelaria.com.br\/index.php\/wp-json\/wp\/v2\/product"}],"about":[{"href":"https:\/\/atacado.escribapapelaria.com.br\/index.php\/wp-json\/wp\/v2\/types\/product"}],"replies":[{"embeddable":true,"href":"https:\/\/atacado.escribapapelaria.com.br\/index.php\/wp-json\/wp\/v2\/comments?post=3225"}],"wp:featuredmedia":[{"embeddable":true,"href":"https:\/\/atacado.escribapapelaria.com.br\/index.php\/wp-json\/wp\/v2\/media\/4011"}],"wp:attachment":[{"href":"https:\/\/atacado.escribapapelaria.com.br\/index.php\/wp-json\/wp\/v2\/media?parent=3225"}],"curies":[{"name":"wp","href":"https:\/\/api.w.org\/{rel}","templated":true}]}}