{"id":3211,"date":"2020-12-08T11:08:10","date_gmt":"2020-12-08T14:08:10","guid":{"rendered":"http:\/\/atacado.escribapapelaria.com.br\/index.php\/produto\/import-placeholder-for-1776\/"},"modified":"2021-12-15T17:10:37","modified_gmt":"2021-12-15T20:10:37","slug":"regua-acrilica-30-cm","status":"publish","type":"product","link":"https:\/\/atacado.escribapapelaria.com.br\/index.php\/produto\/regua-acrilica-30-cm\/","title":{"rendered":"R\u00e9gua acr\u00edlica 30 cm &#8211; Acrimet"},"content":{"rendered":"<p>R\u00e9gua acr\u00edlica 30 cm &#8211; Acrimet<\/p>\n<p><strong>CAIXA COM 24 UNIDADES<\/strong><\/p>\n","protected":false},"excerpt":{"rendered":"<p>R\u00e9gua acr\u00edlica 30 cm &#8211; Acrimet CAIXA COM 24 UNIDADES<\/p>\n","protected":false},"featured_media":4949,"comment_status":"open","ping_status":"closed","template":"","meta":{"spay_email":""},"jetpack_sharing_enabled":true,"_links":{"self":[{"href":"https:\/\/atacado.escribapapelaria.com.br\/index.php\/wp-json\/wp\/v2\/product\/3211"}],"collection":[{"href":"https:\/\/atacado.escribapapelaria.com.br\/index.php\/wp-json\/wp\/v2\/product"}],"about":[{"href":"https:\/\/atacado.escribapapelaria.com.br\/index.php\/wp-json\/wp\/v2\/types\/product"}],"replies":[{"embeddable":true,"href":"https:\/\/atacado.escribapapelaria.com.br\/index.php\/wp-json\/wp\/v2\/comments?post=3211"}],"wp:featuredmedia":[{"embeddable":true,"href":"https:\/\/atacado.escribapapelaria.com.br\/index.php\/wp-json\/wp\/v2\/media\/4949"}],"wp:attachment":[{"href":"https:\/\/atacado.escribapapelaria.com.br\/index.php\/wp-json\/wp\/v2\/media?parent=3211"}],"curies":[{"name":"wp","href":"https:\/\/api.w.org\/{rel}","templated":true}]}}