{"id":3210,"date":"2020-12-08T11:08:10","date_gmt":"2020-12-08T14:08:10","guid":{"rendered":"http:\/\/atacado.escribapapelaria.com.br\/index.php\/produto\/import-placeholder-for-1775\/"},"modified":"2021-12-15T17:10:25","modified_gmt":"2021-12-15T20:10:25","slug":"regua-acrilica-15-cm","status":"publish","type":"product","link":"https:\/\/atacado.escribapapelaria.com.br\/index.php\/produto\/regua-acrilica-15-cm\/","title":{"rendered":"R\u00e9gua acr\u00edlica 15 cm &#8211; Acrimet"},"content":{"rendered":"<p>R\u00e9gua acr\u00edlica 15 cm &#8211; Acrimet<\/p>\n<p><strong>CAIXA COM 24 UNIDADES<\/strong><\/p>\n","protected":false},"excerpt":{"rendered":"<p>R\u00e9gua acr\u00edlica 15 cm &#8211; Acrimet CAIXA COM 24 UNIDADES<\/p>\n","protected":false},"featured_media":4948,"comment_status":"open","ping_status":"closed","template":"","meta":{"spay_email":""},"jetpack_sharing_enabled":true,"_links":{"self":[{"href":"https:\/\/atacado.escribapapelaria.com.br\/index.php\/wp-json\/wp\/v2\/product\/3210"}],"collection":[{"href":"https:\/\/atacado.escribapapelaria.com.br\/index.php\/wp-json\/wp\/v2\/product"}],"about":[{"href":"https:\/\/atacado.escribapapelaria.com.br\/index.php\/wp-json\/wp\/v2\/types\/product"}],"replies":[{"embeddable":true,"href":"https:\/\/atacado.escribapapelaria.com.br\/index.php\/wp-json\/wp\/v2\/comments?post=3210"}],"wp:featuredmedia":[{"embeddable":true,"href":"https:\/\/atacado.escribapapelaria.com.br\/index.php\/wp-json\/wp\/v2\/media\/4948"}],"wp:attachment":[{"href":"https:\/\/atacado.escribapapelaria.com.br\/index.php\/wp-json\/wp\/v2\/media?parent=3210"}],"curies":[{"name":"wp","href":"https:\/\/api.w.org\/{rel}","templated":true}]}}