{"id":3194,"date":"2020-12-08T11:08:03","date_gmt":"2020-12-08T14:08:03","guid":{"rendered":"http:\/\/atacado.escribapapelaria.com.br\/index.php\/produto\/import-placeholder-for-1741\/"},"modified":"2021-02-02T17:13:37","modified_gmt":"2021-02-02T20:13:37","slug":"prancheta-acrilica-fume","status":"publish","type":"product","link":"https:\/\/atacado.escribapapelaria.com.br\/index.php\/produto\/prancheta-acrilica-fume\/","title":{"rendered":"Prancheta Acr\u00edlica Fum\u00ea &#8211; Acrimet"},"content":{"rendered":"<p>Prancheta Acr\u00edlica Fum\u00ea &#8211; Acrimet<\/p>\n<p><strong>UNIDADE<\/strong><\/p>\n","protected":false},"excerpt":{"rendered":"<p>Prancheta Acr\u00edlica Fum\u00ea &#8211; Acrimet UNIDADE<\/p>\n","protected":false},"featured_media":3973,"comment_status":"open","ping_status":"closed","template":"","meta":{"spay_email":""},"jetpack_sharing_enabled":true,"_links":{"self":[{"href":"https:\/\/atacado.escribapapelaria.com.br\/index.php\/wp-json\/wp\/v2\/product\/3194"}],"collection":[{"href":"https:\/\/atacado.escribapapelaria.com.br\/index.php\/wp-json\/wp\/v2\/product"}],"about":[{"href":"https:\/\/atacado.escribapapelaria.com.br\/index.php\/wp-json\/wp\/v2\/types\/product"}],"replies":[{"embeddable":true,"href":"https:\/\/atacado.escribapapelaria.com.br\/index.php\/wp-json\/wp\/v2\/comments?post=3194"}],"wp:featuredmedia":[{"embeddable":true,"href":"https:\/\/atacado.escribapapelaria.com.br\/index.php\/wp-json\/wp\/v2\/media\/3973"}],"wp:attachment":[{"href":"https:\/\/atacado.escribapapelaria.com.br\/index.php\/wp-json\/wp\/v2\/media?parent=3194"}],"curies":[{"name":"wp","href":"https:\/\/api.w.org\/{rel}","templated":true}]}}