{"id":3184,"date":"2020-12-08T11:08:02","date_gmt":"2020-12-08T14:08:02","guid":{"rendered":"http:\/\/atacado.escribapapelaria.com.br\/index.php\/produto\/import-placeholder-for-1725\/"},"modified":"2021-02-02T17:03:04","modified_gmt":"2021-02-02T20:03:04","slug":"placas-em-eva-47x40-atoalhado-laranja","status":"publish","type":"product","link":"https:\/\/atacado.escribapapelaria.com.br\/index.php\/produto\/placas-em-eva-47x40-atoalhado-laranja\/","title":{"rendered":"Placa EVA 47&#215;40 Atoalhado &#8211; Laranja &#8211; L\u00e9o e L\u00e9o"},"content":{"rendered":"<p>Placa EVA 47&#215;40 Atoalhado &#8211; Laranja &#8211; L\u00e9o e L\u00e9o<\/p>\n<p><strong>PACOTE COM 5 UNIDADES<\/strong><\/p>\n","protected":false},"excerpt":{"rendered":"<p>Placa EVA 47&#215;40 Atoalhado &#8211; Laranja &#8211; L\u00e9o e L\u00e9o PACOTE COM 5 UNIDADES<\/p>\n","protected":false},"featured_media":3971,"comment_status":"open","ping_status":"closed","template":"","meta":{"spay_email":""},"jetpack_sharing_enabled":true,"_links":{"self":[{"href":"https:\/\/atacado.escribapapelaria.com.br\/index.php\/wp-json\/wp\/v2\/product\/3184"}],"collection":[{"href":"https:\/\/atacado.escribapapelaria.com.br\/index.php\/wp-json\/wp\/v2\/product"}],"about":[{"href":"https:\/\/atacado.escribapapelaria.com.br\/index.php\/wp-json\/wp\/v2\/types\/product"}],"replies":[{"embeddable":true,"href":"https:\/\/atacado.escribapapelaria.com.br\/index.php\/wp-json\/wp\/v2\/comments?post=3184"}],"wp:featuredmedia":[{"embeddable":true,"href":"https:\/\/atacado.escribapapelaria.com.br\/index.php\/wp-json\/wp\/v2\/media\/3971"}],"wp:attachment":[{"href":"https:\/\/atacado.escribapapelaria.com.br\/index.php\/wp-json\/wp\/v2\/media?parent=3184"}],"curies":[{"name":"wp","href":"https:\/\/api.w.org\/{rel}","templated":true}]}}