{"id":3094,"date":"2020-12-08T11:07:20","date_gmt":"2020-12-08T14:07:20","guid":{"rendered":"http:\/\/atacado.escribapapelaria.com.br\/index.php\/produto\/import-placeholder-for-1562\/"},"modified":"2021-01-22T15:37:48","modified_gmt":"2021-01-22T18:37:48","slug":"pasta-sanfonada-a4-12-divisoes-fume","status":"publish","type":"product","link":"https:\/\/atacado.escribapapelaria.com.br\/index.php\/produto\/pasta-sanfonada-a4-12-divisoes-fume\/","title":{"rendered":"Pasta sanfonada A4 &#8211; 12 divis\u00f5es Fum\u00ea &#8211; ACP"},"content":{"rendered":"<p>Pasta sanfonada A4 &#8211; 12 divis\u00f5es Fum\u00ea &#8211; ACP<\/p>\n<p><strong>UNIDADE<\/strong><\/p>\n","protected":false},"excerpt":{"rendered":"<p>Pasta sanfonada A4 &#8211; 12 divis\u00f5es Fum\u00ea &#8211; ACP UNIDADE<\/p>\n","protected":false},"featured_media":3919,"comment_status":"open","ping_status":"closed","template":"","meta":{"spay_email":""},"jetpack_sharing_enabled":true,"_links":{"self":[{"href":"https:\/\/atacado.escribapapelaria.com.br\/index.php\/wp-json\/wp\/v2\/product\/3094"}],"collection":[{"href":"https:\/\/atacado.escribapapelaria.com.br\/index.php\/wp-json\/wp\/v2\/product"}],"about":[{"href":"https:\/\/atacado.escribapapelaria.com.br\/index.php\/wp-json\/wp\/v2\/types\/product"}],"replies":[{"embeddable":true,"href":"https:\/\/atacado.escribapapelaria.com.br\/index.php\/wp-json\/wp\/v2\/comments?post=3094"}],"wp:featuredmedia":[{"embeddable":true,"href":"https:\/\/atacado.escribapapelaria.com.br\/index.php\/wp-json\/wp\/v2\/media\/3919"}],"wp:attachment":[{"href":"https:\/\/atacado.escribapapelaria.com.br\/index.php\/wp-json\/wp\/v2\/media?parent=3094"}],"curies":[{"name":"wp","href":"https:\/\/api.w.org\/{rel}","templated":true}]}}