{"id":3080,"date":"2020-12-08T11:07:13","date_gmt":"2020-12-08T14:07:13","guid":{"rendered":"http:\/\/atacado.escribapapelaria.com.br\/index.php\/produto\/import-placeholder-for-1542\/"},"modified":"2021-01-22T15:28:09","modified_gmt":"2021-01-22T18:28:09","slug":"pasta-grampo-trilho-plastica-fume","status":"publish","type":"product","link":"https:\/\/atacado.escribapapelaria.com.br\/index.php\/produto\/pasta-grampo-trilho-plastica-fume\/","title":{"rendered":"Pasta grampo-trilho pl\u00e1stica &#8211; Fum\u00ea &#8211; Alaplast"},"content":{"rendered":"<p>Pasta grampo-trilho pl\u00e1stica &#8211; Fum\u00ea &#8211; Alaplast<\/p>\n<p><strong>PACOTE COM 10 UNIDADES<\/strong><\/p>\n","protected":false},"excerpt":{"rendered":"<p>Pasta grampo-trilho pl\u00e1stica &#8211; Fum\u00ea &#8211; Alaplast PACOTE COM 10 UNIDADES<\/p>\n","protected":false},"featured_media":3917,"comment_status":"open","ping_status":"closed","template":"","meta":{"spay_email":""},"jetpack_sharing_enabled":true,"_links":{"self":[{"href":"https:\/\/atacado.escribapapelaria.com.br\/index.php\/wp-json\/wp\/v2\/product\/3080"}],"collection":[{"href":"https:\/\/atacado.escribapapelaria.com.br\/index.php\/wp-json\/wp\/v2\/product"}],"about":[{"href":"https:\/\/atacado.escribapapelaria.com.br\/index.php\/wp-json\/wp\/v2\/types\/product"}],"replies":[{"embeddable":true,"href":"https:\/\/atacado.escribapapelaria.com.br\/index.php\/wp-json\/wp\/v2\/comments?post=3080"}],"wp:featuredmedia":[{"embeddable":true,"href":"https:\/\/atacado.escribapapelaria.com.br\/index.php\/wp-json\/wp\/v2\/media\/3917"}],"wp:attachment":[{"href":"https:\/\/atacado.escribapapelaria.com.br\/index.php\/wp-json\/wp\/v2\/media?parent=3080"}],"curies":[{"name":"wp","href":"https:\/\/api.w.org\/{rel}","templated":true}]}}