{"id":3065,"date":"2020-12-08T11:07:12","date_gmt":"2020-12-08T14:07:12","guid":{"rendered":"http:\/\/atacado.escribapapelaria.com.br\/index.php\/produto\/import-placeholder-for-1510\/"},"modified":"2021-01-20T10:20:00","modified_gmt":"2021-01-20T13:20:00","slug":"pasta-aba-elastica-plastica-oficio-fina-verde","status":"publish","type":"product","link":"https:\/\/atacado.escribapapelaria.com.br\/index.php\/produto\/pasta-aba-elastica-plastica-oficio-fina-verde\/","title":{"rendered":"Pasta aba el\u00e1stica pl\u00e1stica Oficio &#8211; Fina verde &#8211; Alaplast"},"content":{"rendered":"<p>Pasta aba el\u00e1stica pl\u00e1stica Oficio &#8211; Fina verde &#8211; Alaplast<\/p>\n<p><strong>PACOTE COM 10 UNIDADES<\/strong><\/p>\n","protected":false},"excerpt":{"rendered":"<p>Pasta aba el\u00e1stica pl\u00e1stica Oficio &#8211; Fina verde &#8211; Alaplast PACOTE COM 10 UNIDADES<\/p>\n","protected":false},"featured_media":3907,"comment_status":"open","ping_status":"closed","template":"","meta":{"spay_email":""},"jetpack_sharing_enabled":true,"_links":{"self":[{"href":"https:\/\/atacado.escribapapelaria.com.br\/index.php\/wp-json\/wp\/v2\/product\/3065"}],"collection":[{"href":"https:\/\/atacado.escribapapelaria.com.br\/index.php\/wp-json\/wp\/v2\/product"}],"about":[{"href":"https:\/\/atacado.escribapapelaria.com.br\/index.php\/wp-json\/wp\/v2\/types\/product"}],"replies":[{"embeddable":true,"href":"https:\/\/atacado.escribapapelaria.com.br\/index.php\/wp-json\/wp\/v2\/comments?post=3065"}],"wp:featuredmedia":[{"embeddable":true,"href":"https:\/\/atacado.escribapapelaria.com.br\/index.php\/wp-json\/wp\/v2\/media\/3907"}],"wp:attachment":[{"href":"https:\/\/atacado.escribapapelaria.com.br\/index.php\/wp-json\/wp\/v2\/media?parent=3065"}],"curies":[{"name":"wp","href":"https:\/\/api.w.org\/{rel}","templated":true}]}}