{"id":3030,"date":"2020-12-08T11:06:54","date_gmt":"2020-12-08T14:06:54","guid":{"rendered":"http:\/\/atacado.escribapapelaria.com.br\/index.php\/produto\/import-placeholder-for-1463\/"},"modified":"2021-01-20T00:09:37","modified_gmt":"2021-01-20T03:09:37","slug":"pasta-aba-elastica-plastica-mini-20mm-fume-2","status":"publish","type":"product","link":"https:\/\/atacado.escribapapelaria.com.br\/index.php\/produto\/pasta-aba-elastica-plastica-mini-20mm-fume-2\/","title":{"rendered":"Pasta aba el\u00e1stica pl\u00e1stica &#8211; Mini 20mm Fum\u00ea &#8211; ACP"},"content":{"rendered":"<p>Pasta aba el\u00e1stica pl\u00e1stica &#8211; Mini 20mm Fum\u00ea &#8211; ACP<\/p>\n<p><strong>PACOTE COM 10 UNIDADES<\/strong><\/p>\n","protected":false},"excerpt":{"rendered":"<p>Pasta aba el\u00e1stica pl\u00e1stica &#8211; Mini 20mm Fum\u00ea &#8211; ACP PACOTE COM 10 UNIDADES<\/p>\n","protected":false},"featured_media":3889,"comment_status":"open","ping_status":"closed","template":"","meta":{"spay_email":""},"jetpack_sharing_enabled":true,"_links":{"self":[{"href":"https:\/\/atacado.escribapapelaria.com.br\/index.php\/wp-json\/wp\/v2\/product\/3030"}],"collection":[{"href":"https:\/\/atacado.escribapapelaria.com.br\/index.php\/wp-json\/wp\/v2\/product"}],"about":[{"href":"https:\/\/atacado.escribapapelaria.com.br\/index.php\/wp-json\/wp\/v2\/types\/product"}],"replies":[{"embeddable":true,"href":"https:\/\/atacado.escribapapelaria.com.br\/index.php\/wp-json\/wp\/v2\/comments?post=3030"}],"wp:featuredmedia":[{"embeddable":true,"href":"https:\/\/atacado.escribapapelaria.com.br\/index.php\/wp-json\/wp\/v2\/media\/3889"}],"wp:attachment":[{"href":"https:\/\/atacado.escribapapelaria.com.br\/index.php\/wp-json\/wp\/v2\/media?parent=3030"}],"curies":[{"name":"wp","href":"https:\/\/api.w.org\/{rel}","templated":true}]}}