{"id":3025,"date":"2020-12-08T11:06:54","date_gmt":"2020-12-08T14:06:54","guid":{"rendered":"http:\/\/atacado.escribapapelaria.com.br\/index.php\/produto\/import-placeholder-for-1452\/"},"modified":"2021-01-20T00:04:35","modified_gmt":"2021-01-20T03:04:35","slug":"pasta-aba-elastica-plastica-mini-fina-fume","status":"publish","type":"product","link":"https:\/\/atacado.escribapapelaria.com.br\/index.php\/produto\/pasta-aba-elastica-plastica-mini-fina-fume\/","title":{"rendered":"Pasta aba el\u00e1stica pl\u00e1stica &#8211; Mini fina fum\u00ea &#8211; ACP"},"content":{"rendered":"<p>Pasta aba el\u00e1stica pl\u00e1stica &#8211; Mini fina fum\u00ea &#8211; ACP<\/p>\n<p><strong>PACOTE COM 10 UNIDADES<\/strong><\/p>\n","protected":false},"excerpt":{"rendered":"<p>Pasta aba el\u00e1stica pl\u00e1stica &#8211; Mini fina fum\u00ea &#8211; ACP PACOTE COM 10 UNIDADES<\/p>\n","protected":false},"featured_media":3885,"comment_status":"open","ping_status":"closed","template":"","meta":{"spay_email":""},"jetpack_sharing_enabled":true,"_links":{"self":[{"href":"https:\/\/atacado.escribapapelaria.com.br\/index.php\/wp-json\/wp\/v2\/product\/3025"}],"collection":[{"href":"https:\/\/atacado.escribapapelaria.com.br\/index.php\/wp-json\/wp\/v2\/product"}],"about":[{"href":"https:\/\/atacado.escribapapelaria.com.br\/index.php\/wp-json\/wp\/v2\/types\/product"}],"replies":[{"embeddable":true,"href":"https:\/\/atacado.escribapapelaria.com.br\/index.php\/wp-json\/wp\/v2\/comments?post=3025"}],"wp:featuredmedia":[{"embeddable":true,"href":"https:\/\/atacado.escribapapelaria.com.br\/index.php\/wp-json\/wp\/v2\/media\/3885"}],"wp:attachment":[{"href":"https:\/\/atacado.escribapapelaria.com.br\/index.php\/wp-json\/wp\/v2\/media?parent=3025"}],"curies":[{"name":"wp","href":"https:\/\/api.w.org\/{rel}","templated":true}]}}