{"id":2940,"date":"2020-12-08T11:06:21","date_gmt":"2020-12-08T14:06:21","guid":{"rendered":"http:\/\/atacado.escribapapelaria.com.br\/index.php\/produto\/import-placeholder-for-1291\/"},"modified":"2021-01-19T21:35:15","modified_gmt":"2021-01-20T00:35:15","slug":"massa-de-modelar-12-cores-leo-leo","status":"publish","type":"product","link":"https:\/\/atacado.escribapapelaria.com.br\/index.php\/produto\/massa-de-modelar-12-cores-leo-leo\/","title":{"rendered":"Massa de modelar 12 cores &#8211; L\u00e9o &#038; L\u00e9o"},"content":{"rendered":"<p>Massa de modelar 12 cores &#8211; L\u00e9o &amp; L\u00e9o<\/p>\n<p><strong>PACOTE COM 12 UNIDADES<\/strong><\/p>\n","protected":false},"excerpt":{"rendered":"<p>Massa de modelar 12 cores &#8211; L\u00e9o &amp; L\u00e9o PACOTE COM 12 UNIDADES<\/p>\n","protected":false},"featured_media":3846,"comment_status":"open","ping_status":"closed","template":"","meta":{"spay_email":""},"jetpack_sharing_enabled":true,"_links":{"self":[{"href":"https:\/\/atacado.escribapapelaria.com.br\/index.php\/wp-json\/wp\/v2\/product\/2940"}],"collection":[{"href":"https:\/\/atacado.escribapapelaria.com.br\/index.php\/wp-json\/wp\/v2\/product"}],"about":[{"href":"https:\/\/atacado.escribapapelaria.com.br\/index.php\/wp-json\/wp\/v2\/types\/product"}],"replies":[{"embeddable":true,"href":"https:\/\/atacado.escribapapelaria.com.br\/index.php\/wp-json\/wp\/v2\/comments?post=2940"}],"wp:featuredmedia":[{"embeddable":true,"href":"https:\/\/atacado.escribapapelaria.com.br\/index.php\/wp-json\/wp\/v2\/media\/3846"}],"wp:attachment":[{"href":"https:\/\/atacado.escribapapelaria.com.br\/index.php\/wp-json\/wp\/v2\/media?parent=2940"}],"curies":[{"name":"wp","href":"https:\/\/api.w.org\/{rel}","templated":true}]}}