{"id":2930,"date":"2020-12-08T11:06:15","date_gmt":"2020-12-08T14:06:15","guid":{"rendered":"http:\/\/atacado.escribapapelaria.com.br\/index.php\/produto\/import-placeholder-for-1260\/"},"modified":"2021-11-03T09:43:24","modified_gmt":"2021-11-03T12:43:24","slug":"lapiseira-05-tecnica","status":"publish","type":"product","link":"https:\/\/atacado.escribapapelaria.com.br\/index.php\/produto\/lapiseira-05-tecnica\/","title":{"rendered":"Lapiseira 0.5mm &#8211; T\u00e9cnica &#8211; Kaz"},"content":{"rendered":"<p>Lapiseira 0.5mm &#8211; T\u00e9cnica &#8211; Kaz<\/p>\n<p>(04 op\u00e7\u00f5es de cores)<\/p>\n<p><strong>CAIXA COM 12 UNIDADES<\/strong><\/p>\n","protected":false},"excerpt":{"rendered":"<p>Lapiseira 0.5mm &#8211; T\u00e9cnica &#8211; Kaz (04 op\u00e7\u00f5es de cores) CAIXA COM 12 UNIDADES<\/p>\n","protected":false},"featured_media":4929,"comment_status":"open","ping_status":"closed","template":"","meta":{"spay_email":""},"jetpack_sharing_enabled":true,"_links":{"self":[{"href":"https:\/\/atacado.escribapapelaria.com.br\/index.php\/wp-json\/wp\/v2\/product\/2930"}],"collection":[{"href":"https:\/\/atacado.escribapapelaria.com.br\/index.php\/wp-json\/wp\/v2\/product"}],"about":[{"href":"https:\/\/atacado.escribapapelaria.com.br\/index.php\/wp-json\/wp\/v2\/types\/product"}],"replies":[{"embeddable":true,"href":"https:\/\/atacado.escribapapelaria.com.br\/index.php\/wp-json\/wp\/v2\/comments?post=2930"}],"wp:featuredmedia":[{"embeddable":true,"href":"https:\/\/atacado.escribapapelaria.com.br\/index.php\/wp-json\/wp\/v2\/media\/4929"}],"wp:attachment":[{"href":"https:\/\/atacado.escribapapelaria.com.br\/index.php\/wp-json\/wp\/v2\/media?parent=2930"}],"curies":[{"name":"wp","href":"https:\/\/api.w.org\/{rel}","templated":true}]}}