{"id":2928,"date":"2020-12-08T11:06:15","date_gmt":"2020-12-08T14:06:15","guid":{"rendered":"http:\/\/atacado.escribapapelaria.com.br\/index.php\/produto\/import-placeholder-for-1245\/"},"modified":"2021-01-19T17:46:46","modified_gmt":"2021-01-19T20:46:46","slug":"lapis-preto-tecnico-4b-leo-leo","status":"publish","type":"product","link":"https:\/\/atacado.escribapapelaria.com.br\/index.php\/produto\/lapis-preto-tecnico-4b-leo-leo\/","title":{"rendered":"L\u00e1pis preto t\u00e9cnico &#8211; 4B &#8211; L\u00e9o &#038; L\u00e9o"},"content":{"rendered":"<p>L\u00e1pis preto t\u00e9cnico &#8211; 4B &#8211; L\u00e9o &amp; L\u00e9o<\/p>\n<p><strong>CAIXA COM 12 UNIDADES<\/strong><\/p>\n","protected":false},"excerpt":{"rendered":"<p>L\u00e1pis preto t\u00e9cnico &#8211; 4B &#8211; L\u00e9o &amp; L\u00e9o CAIXA COM 12 UNIDADES<\/p>\n","protected":false},"featured_media":3828,"comment_status":"open","ping_status":"closed","template":"","meta":{"spay_email":""},"jetpack_sharing_enabled":true,"_links":{"self":[{"href":"https:\/\/atacado.escribapapelaria.com.br\/index.php\/wp-json\/wp\/v2\/product\/2928"}],"collection":[{"href":"https:\/\/atacado.escribapapelaria.com.br\/index.php\/wp-json\/wp\/v2\/product"}],"about":[{"href":"https:\/\/atacado.escribapapelaria.com.br\/index.php\/wp-json\/wp\/v2\/types\/product"}],"replies":[{"embeddable":true,"href":"https:\/\/atacado.escribapapelaria.com.br\/index.php\/wp-json\/wp\/v2\/comments?post=2928"}],"wp:featuredmedia":[{"embeddable":true,"href":"https:\/\/atacado.escribapapelaria.com.br\/index.php\/wp-json\/wp\/v2\/media\/3828"}],"wp:attachment":[{"href":"https:\/\/atacado.escribapapelaria.com.br\/index.php\/wp-json\/wp\/v2\/media?parent=2928"}],"curies":[{"name":"wp","href":"https:\/\/api.w.org\/{rel}","templated":true}]}}