{"id":2908,"date":"2020-12-08T11:06:13","date_gmt":"2020-12-08T14:06:13","guid":{"rendered":"http:\/\/atacado.escribapapelaria.com.br\/index.php\/produto\/import-placeholder-for-1219\/"},"modified":"2021-11-01T15:45:12","modified_gmt":"2021-11-01T18:45:12","slug":"lapis-de-cor-24-cores-leo-leo","status":"publish","type":"product","link":"https:\/\/atacado.escribapapelaria.com.br\/index.php\/produto\/lapis-de-cor-24-cores-leo-leo\/","title":{"rendered":"L\u00e1pis de cor 24 cores &#8211; L\u00e9o &#038; L\u00e9o"},"content":{"rendered":"<p>L\u00e1pis de cor 24 cores &#8211; L\u00e9o &amp; L\u00e9o<\/p>\n<p><strong>PACOTE COM 6 UNIDADES<\/strong><\/p>\n","protected":false},"excerpt":{"rendered":"<p>L\u00e1pis de cor 24 cores &#8211; L\u00e9o &amp; L\u00e9o PACOTE COM 6 UNIDADES<\/p>\n","protected":false},"featured_media":3803,"comment_status":"open","ping_status":"closed","template":"","meta":{"spay_email":""},"jetpack_sharing_enabled":true,"_links":{"self":[{"href":"https:\/\/atacado.escribapapelaria.com.br\/index.php\/wp-json\/wp\/v2\/product\/2908"}],"collection":[{"href":"https:\/\/atacado.escribapapelaria.com.br\/index.php\/wp-json\/wp\/v2\/product"}],"about":[{"href":"https:\/\/atacado.escribapapelaria.com.br\/index.php\/wp-json\/wp\/v2\/types\/product"}],"replies":[{"embeddable":true,"href":"https:\/\/atacado.escribapapelaria.com.br\/index.php\/wp-json\/wp\/v2\/comments?post=2908"}],"wp:featuredmedia":[{"embeddable":true,"href":"https:\/\/atacado.escribapapelaria.com.br\/index.php\/wp-json\/wp\/v2\/media\/3803"}],"wp:attachment":[{"href":"https:\/\/atacado.escribapapelaria.com.br\/index.php\/wp-json\/wp\/v2\/media?parent=2908"}],"curies":[{"name":"wp","href":"https:\/\/api.w.org\/{rel}","templated":true}]}}