{"id":2892,"date":"2020-12-08T11:06:07","date_gmt":"2020-12-08T14:06:07","guid":{"rendered":"http:\/\/atacado.escribapapelaria.com.br\/index.php\/produto\/import-placeholder-for-1192\/"},"modified":"2021-11-01T10:50:12","modified_gmt":"2021-11-01T13:50:12","slug":"indice-para-fichario-a-z-4x6","status":"publish","type":"product","link":"https:\/\/atacado.escribapapelaria.com.br\/index.php\/produto\/indice-para-fichario-a-z-4x6\/","title":{"rendered":"\u00cdndice para fich\u00e1rio &#8211; (A-Z 4&#215;6) &#8211; Acrimet"},"content":{"rendered":"<p>\u00cdndice para fich\u00e1rio &#8211; (A-Z 4&#215;6) &#8211; Acrimet<\/p>\n<p><strong>UNIDADE<\/strong><\/p>\n","protected":false},"excerpt":{"rendered":"<p>\u00cdndice para fich\u00e1rio &#8211; (A-Z 4&#215;6) &#8211; Acrimet UNIDADE<\/p>\n","protected":false},"featured_media":4902,"comment_status":"open","ping_status":"closed","template":"","meta":{"spay_email":""},"jetpack_sharing_enabled":true,"_links":{"self":[{"href":"https:\/\/atacado.escribapapelaria.com.br\/index.php\/wp-json\/wp\/v2\/product\/2892"}],"collection":[{"href":"https:\/\/atacado.escribapapelaria.com.br\/index.php\/wp-json\/wp\/v2\/product"}],"about":[{"href":"https:\/\/atacado.escribapapelaria.com.br\/index.php\/wp-json\/wp\/v2\/types\/product"}],"replies":[{"embeddable":true,"href":"https:\/\/atacado.escribapapelaria.com.br\/index.php\/wp-json\/wp\/v2\/comments?post=2892"}],"wp:featuredmedia":[{"embeddable":true,"href":"https:\/\/atacado.escribapapelaria.com.br\/index.php\/wp-json\/wp\/v2\/media\/4902"}],"wp:attachment":[{"href":"https:\/\/atacado.escribapapelaria.com.br\/index.php\/wp-json\/wp\/v2\/media?parent=2892"}],"curies":[{"name":"wp","href":"https:\/\/api.w.org\/{rel}","templated":true}]}}