{"id":2875,"date":"2020-12-08T11:06:06","date_gmt":"2020-12-08T14:06:06","guid":{"rendered":"http:\/\/atacado.escribapapelaria.com.br\/index.php\/produto\/import-placeholder-for-1159\/"},"modified":"2021-11-01T09:37:13","modified_gmt":"2021-11-01T12:37:13","slug":"impressos-observacao-de-cheque-choraozinho","status":"publish","type":"product","link":"https:\/\/atacado.escribapapelaria.com.br\/index.php\/produto\/impressos-observacao-de-cheque-choraozinho\/","title":{"rendered":"Observa\u00e7\u00e3o de Cheque &#8211; Chor\u00e3ozinho &#8211; S\u00e3o Domingos"},"content":{"rendered":"<p>Observa\u00e7\u00e3o de Cheque &#8211; Chor\u00e3ozinho &#8211; S\u00e3o Domingos<\/p>\n<p><strong>PACOTE COM 40 UNIDADES<\/strong><\/p>\n","protected":false},"excerpt":{"rendered":"<p>Observa\u00e7\u00e3o de Cheque &#8211; Chor\u00e3ozinho &#8211; S\u00e3o Domingos PACOTE COM 40 UNIDADES<\/p>\n","protected":false},"featured_media":3753,"comment_status":"open","ping_status":"closed","template":"","meta":{"spay_email":""},"jetpack_sharing_enabled":true,"_links":{"self":[{"href":"https:\/\/atacado.escribapapelaria.com.br\/index.php\/wp-json\/wp\/v2\/product\/2875"}],"collection":[{"href":"https:\/\/atacado.escribapapelaria.com.br\/index.php\/wp-json\/wp\/v2\/product"}],"about":[{"href":"https:\/\/atacado.escribapapelaria.com.br\/index.php\/wp-json\/wp\/v2\/types\/product"}],"replies":[{"embeddable":true,"href":"https:\/\/atacado.escribapapelaria.com.br\/index.php\/wp-json\/wp\/v2\/comments?post=2875"}],"wp:featuredmedia":[{"embeddable":true,"href":"https:\/\/atacado.escribapapelaria.com.br\/index.php\/wp-json\/wp\/v2\/media\/3753"}],"wp:attachment":[{"href":"https:\/\/atacado.escribapapelaria.com.br\/index.php\/wp-json\/wp\/v2\/media?parent=2875"}],"curies":[{"name":"wp","href":"https:\/\/api.w.org\/{rel}","templated":true}]}}