{"id":2865,"date":"2020-12-08T11:05:59","date_gmt":"2020-12-08T14:05:59","guid":{"rendered":"http:\/\/atacado.escribapapelaria.com.br\/index.php\/produto\/import-placeholder-for-1146\/"},"modified":"2021-01-14T17:38:37","modified_gmt":"2021-01-14T20:38:37","slug":"ima-botao-magnetico-30mm","status":"publish","type":"product","link":"https:\/\/atacado.escribapapelaria.com.br\/index.php\/produto\/ima-botao-magnetico-30mm\/","title":{"rendered":"Im\u00e3 &#8211; Bot\u00e3o Magn\u00e9tico 30mm &#8211; Leonora"},"content":{"rendered":"<p>Im\u00e3 &#8211; Bot\u00e3o Magn\u00e9tico 30mm &#8211; Leonora<\/p>\n<p><strong>CARTELA COM 6 UNIDADES<\/strong><\/p>\n","protected":false},"excerpt":{"rendered":"<p>Im\u00e3 &#8211; Bot\u00e3o Magn\u00e9tico 30mm &#8211; Leonora CARTELA COM 6 UNIDADES<\/p>\n","protected":false},"featured_media":3740,"comment_status":"open","ping_status":"closed","template":"","meta":{"spay_email":""},"jetpack_sharing_enabled":true,"_links":{"self":[{"href":"https:\/\/atacado.escribapapelaria.com.br\/index.php\/wp-json\/wp\/v2\/product\/2865"}],"collection":[{"href":"https:\/\/atacado.escribapapelaria.com.br\/index.php\/wp-json\/wp\/v2\/product"}],"about":[{"href":"https:\/\/atacado.escribapapelaria.com.br\/index.php\/wp-json\/wp\/v2\/types\/product"}],"replies":[{"embeddable":true,"href":"https:\/\/atacado.escribapapelaria.com.br\/index.php\/wp-json\/wp\/v2\/comments?post=2865"}],"wp:featuredmedia":[{"embeddable":true,"href":"https:\/\/atacado.escribapapelaria.com.br\/index.php\/wp-json\/wp\/v2\/media\/3740"}],"wp:attachment":[{"href":"https:\/\/atacado.escribapapelaria.com.br\/index.php\/wp-json\/wp\/v2\/media?parent=2865"}],"curies":[{"name":"wp","href":"https:\/\/api.w.org\/{rel}","templated":true}]}}