{"id":2864,"date":"2020-12-08T11:05:59","date_gmt":"2020-12-08T14:05:59","guid":{"rendered":"http:\/\/atacado.escribapapelaria.com.br\/index.php\/produto\/import-placeholder-for-1145\/"},"modified":"2021-01-14T17:37:36","modified_gmt":"2021-01-14T20:37:36","slug":"ima-botao-magnetico-20mm","status":"publish","type":"product","link":"https:\/\/atacado.escribapapelaria.com.br\/index.php\/produto\/ima-botao-magnetico-20mm\/","title":{"rendered":"Im\u00e3 &#8211; Bot\u00e3o Magn\u00e9tico 20mm &#8211; Leonora"},"content":{"rendered":"<p>Im\u00e3 &#8211; Bot\u00e3o Magn\u00e9tico 20mm &#8211; Leonora<\/p>\n<p><strong>CARTELA COM 8 UNIDADES<\/strong><\/p>\n","protected":false},"excerpt":{"rendered":"<p>Im\u00e3 &#8211; Bot\u00e3o Magn\u00e9tico 20mm &#8211; Leonora CARTELA COM 8 UNIDADES<\/p>\n","protected":false},"featured_media":3739,"comment_status":"open","ping_status":"closed","template":"","meta":{"spay_email":""},"jetpack_sharing_enabled":true,"_links":{"self":[{"href":"https:\/\/atacado.escribapapelaria.com.br\/index.php\/wp-json\/wp\/v2\/product\/2864"}],"collection":[{"href":"https:\/\/atacado.escribapapelaria.com.br\/index.php\/wp-json\/wp\/v2\/product"}],"about":[{"href":"https:\/\/atacado.escribapapelaria.com.br\/index.php\/wp-json\/wp\/v2\/types\/product"}],"replies":[{"embeddable":true,"href":"https:\/\/atacado.escribapapelaria.com.br\/index.php\/wp-json\/wp\/v2\/comments?post=2864"}],"wp:featuredmedia":[{"embeddable":true,"href":"https:\/\/atacado.escribapapelaria.com.br\/index.php\/wp-json\/wp\/v2\/media\/3739"}],"wp:attachment":[{"href":"https:\/\/atacado.escribapapelaria.com.br\/index.php\/wp-json\/wp\/v2\/media?parent=2864"}],"curies":[{"name":"wp","href":"https:\/\/api.w.org\/{rel}","templated":true}]}}