{"id":2787,"date":"2020-12-08T11:05:34","date_gmt":"2020-12-08T14:05:34","guid":{"rendered":"http:\/\/atacado.escribapapelaria.com.br\/index.php\/produto\/import-placeholder-for-1003\/"},"modified":"2021-10-27T16:04:04","modified_gmt":"2021-10-27T19:04:04","slug":"furador-papel-e-eva-16mm-regular-coracao","status":"publish","type":"product","link":"https:\/\/atacado.escribapapelaria.com.br\/index.php\/produto\/furador-papel-e-eva-16mm-regular-coracao\/","title":{"rendered":"Furador Papel e Eva &#8211; 16mm CORA\u00c7\u00c3O &#8211; Leonora"},"content":{"rendered":"<p>Furador Papel e Eva &#8211; 16mm CORA\u00c7\u00c3O &#8211; Leonora<\/p>\n<p><strong>UNIDADE<\/strong><\/p>\n","protected":false},"excerpt":{"rendered":"<p>Furador Papel e Eva &#8211; 16mm CORA\u00c7\u00c3O &#8211; Leonora UNIDADE<\/p>\n","protected":false},"featured_media":3670,"comment_status":"open","ping_status":"closed","template":"","meta":{"spay_email":""},"jetpack_sharing_enabled":true,"_links":{"self":[{"href":"https:\/\/atacado.escribapapelaria.com.br\/index.php\/wp-json\/wp\/v2\/product\/2787"}],"collection":[{"href":"https:\/\/atacado.escribapapelaria.com.br\/index.php\/wp-json\/wp\/v2\/product"}],"about":[{"href":"https:\/\/atacado.escribapapelaria.com.br\/index.php\/wp-json\/wp\/v2\/types\/product"}],"replies":[{"embeddable":true,"href":"https:\/\/atacado.escribapapelaria.com.br\/index.php\/wp-json\/wp\/v2\/comments?post=2787"}],"wp:featuredmedia":[{"embeddable":true,"href":"https:\/\/atacado.escribapapelaria.com.br\/index.php\/wp-json\/wp\/v2\/media\/3670"}],"wp:attachment":[{"href":"https:\/\/atacado.escribapapelaria.com.br\/index.php\/wp-json\/wp\/v2\/media?parent=2787"}],"curies":[{"name":"wp","href":"https:\/\/api.w.org\/{rel}","templated":true}]}}