{"id":2682,"date":"2020-12-08T11:04:57","date_gmt":"2020-12-08T14:04:57","guid":{"rendered":"http:\/\/atacado.escribapapelaria.com.br\/index.php\/produto\/import-placeholder-for-814\/"},"modified":"2021-10-26T14:48:22","modified_gmt":"2021-10-26T17:48:22","slug":"estojo-4-partes-poliester","status":"publish","type":"product","link":"https:\/\/atacado.escribapapelaria.com.br\/index.php\/produto\/estojo-4-partes-poliester\/","title":{"rendered":"Estojo 4 divis\u00f3rias &#8211; Liso Poli\u00e9ster (cores diversas) &#8211; Favorito"},"content":{"rendered":"<p>Estojo 4 divis\u00f3rias &#8211; Liso Poli\u00e9ster (cores diversas) &#8211; Favorito<\/p>\n<p><strong>UNIDADE<\/strong><\/p>\n","protected":false},"excerpt":{"rendered":"<p>Estojo 4 divis\u00f3rias &#8211; Liso Poli\u00e9ster (cores diversas) &#8211; Favorito UNIDADE<\/p>\n","protected":false},"featured_media":4731,"comment_status":"open","ping_status":"closed","template":"","meta":{"spay_email":""},"jetpack_sharing_enabled":true,"_links":{"self":[{"href":"https:\/\/atacado.escribapapelaria.com.br\/index.php\/wp-json\/wp\/v2\/product\/2682"}],"collection":[{"href":"https:\/\/atacado.escribapapelaria.com.br\/index.php\/wp-json\/wp\/v2\/product"}],"about":[{"href":"https:\/\/atacado.escribapapelaria.com.br\/index.php\/wp-json\/wp\/v2\/types\/product"}],"replies":[{"embeddable":true,"href":"https:\/\/atacado.escribapapelaria.com.br\/index.php\/wp-json\/wp\/v2\/comments?post=2682"}],"wp:featuredmedia":[{"embeddable":true,"href":"https:\/\/atacado.escribapapelaria.com.br\/index.php\/wp-json\/wp\/v2\/media\/4731"}],"wp:attachment":[{"href":"https:\/\/atacado.escribapapelaria.com.br\/index.php\/wp-json\/wp\/v2\/media?parent=2682"}],"curies":[{"name":"wp","href":"https:\/\/api.w.org\/{rel}","templated":true}]}}