{"id":2662,"date":"2020-12-08T11:04:50","date_gmt":"2020-12-08T14:04:50","guid":{"rendered":"http:\/\/atacado.escribapapelaria.com.br\/index.php\/produto\/import-placeholder-for-778\/"},"modified":"2021-01-07T15:11:16","modified_gmt":"2021-01-07T18:11:16","slug":"espirais-para-encadernacao-17mm-preto","status":"publish","type":"product","link":"https:\/\/atacado.escribapapelaria.com.br\/index.php\/produto\/espirais-para-encadernacao-17mm-preto\/","title":{"rendered":"Espirais para encader\u00e7\u00e3o -17mm Preto &#8211; Lassane"},"content":{"rendered":"<p>Espirais para encader\u00e7\u00e3o -17mm Preto &#8211; Lassane<\/p>\n<p><strong>PACOTE COM 100 UNIDADES<\/strong><\/p>\n","protected":false},"excerpt":{"rendered":"<p>Espirais para encader\u00e7\u00e3o -17mm Preto &#8211; Lassane PACOTE COM 100 UNIDADES<\/p>\n","protected":false},"featured_media":3537,"comment_status":"open","ping_status":"closed","template":"","meta":{"spay_email":""},"jetpack_sharing_enabled":true,"_links":{"self":[{"href":"https:\/\/atacado.escribapapelaria.com.br\/index.php\/wp-json\/wp\/v2\/product\/2662"}],"collection":[{"href":"https:\/\/atacado.escribapapelaria.com.br\/index.php\/wp-json\/wp\/v2\/product"}],"about":[{"href":"https:\/\/atacado.escribapapelaria.com.br\/index.php\/wp-json\/wp\/v2\/types\/product"}],"replies":[{"embeddable":true,"href":"https:\/\/atacado.escribapapelaria.com.br\/index.php\/wp-json\/wp\/v2\/comments?post=2662"}],"wp:featuredmedia":[{"embeddable":true,"href":"https:\/\/atacado.escribapapelaria.com.br\/index.php\/wp-json\/wp\/v2\/media\/3537"}],"wp:attachment":[{"href":"https:\/\/atacado.escribapapelaria.com.br\/index.php\/wp-json\/wp\/v2\/media?parent=2662"}],"curies":[{"name":"wp","href":"https:\/\/api.w.org\/{rel}","templated":true}]}}