{"id":2661,"date":"2020-12-08T11:04:50","date_gmt":"2020-12-08T14:04:50","guid":{"rendered":"http:\/\/atacado.escribapapelaria.com.br\/index.php\/produto\/import-placeholder-for-777\/"},"modified":"2021-10-26T09:14:56","modified_gmt":"2021-10-26T12:14:56","slug":"espirais-para-encadernacao-14mm-transparente","status":"publish","type":"product","link":"https:\/\/atacado.escribapapelaria.com.br\/index.php\/produto\/espirais-para-encadernacao-14mm-transparente\/","title":{"rendered":"Espirais para encaderna\u00e7\u00e3o &#8211; 14mm Transparente &#8211; Lassane"},"content":{"rendered":"<p>Espirais para encaderna\u00e7\u00e3o &#8211; 14mm Transparente &#8211; Lassane<\/p>\n<p><strong>PACOTE COM 100 UNIDADES<\/strong><\/p>\n","protected":false},"excerpt":{"rendered":"<p>Espirais para encaderna\u00e7\u00e3o &#8211; 14mm Transparente &#8211; Lassane PACOTE COM 100 UNIDADES<\/p>\n","protected":false},"featured_media":3536,"comment_status":"open","ping_status":"closed","template":"","meta":{"spay_email":""},"jetpack_sharing_enabled":true,"_links":{"self":[{"href":"https:\/\/atacado.escribapapelaria.com.br\/index.php\/wp-json\/wp\/v2\/product\/2661"}],"collection":[{"href":"https:\/\/atacado.escribapapelaria.com.br\/index.php\/wp-json\/wp\/v2\/product"}],"about":[{"href":"https:\/\/atacado.escribapapelaria.com.br\/index.php\/wp-json\/wp\/v2\/types\/product"}],"replies":[{"embeddable":true,"href":"https:\/\/atacado.escribapapelaria.com.br\/index.php\/wp-json\/wp\/v2\/comments?post=2661"}],"wp:featuredmedia":[{"embeddable":true,"href":"https:\/\/atacado.escribapapelaria.com.br\/index.php\/wp-json\/wp\/v2\/media\/3536"}],"wp:attachment":[{"href":"https:\/\/atacado.escribapapelaria.com.br\/index.php\/wp-json\/wp\/v2\/media?parent=2661"}],"curies":[{"name":"wp","href":"https:\/\/api.w.org\/{rel}","templated":true}]}}