{"id":2555,"date":"2020-12-08T11:04:17","date_gmt":"2020-12-08T14:04:17","guid":{"rendered":"http:\/\/atacado.escribapapelaria.com.br\/index.php\/produto\/import-placeholder-for-520\/"},"modified":"2021-10-22T17:32:10","modified_gmt":"2021-10-22T20:32:10","slug":"capa-para-encadernacao-a4-azul-line","status":"publish","type":"product","link":"https:\/\/atacado.escribapapelaria.com.br\/index.php\/produto\/capa-para-encadernacao-a4-azul-line\/","title":{"rendered":"Capa para encaderna\u00e7\u00e3o &#8211; A4 &#8211; Azul Line &#8211; Lassane"},"content":{"rendered":"<p>Capa para encaderna\u00e7\u00e3o &#8211; A4 &#8211; Azul Line &#8211; Lassane<\/p>\n<p><strong>PACOTE COM 100 UNIDADES<\/strong><\/p>\n","protected":false},"excerpt":{"rendered":"<p>Capa para encaderna\u00e7\u00e3o &#8211; A4 &#8211; Azul Line &#8211; Lassane PACOTE COM 100 UNIDADES<\/p>\n","protected":false},"featured_media":4541,"comment_status":"open","ping_status":"closed","template":"","meta":{"spay_email":""},"jetpack_sharing_enabled":true,"_links":{"self":[{"href":"https:\/\/atacado.escribapapelaria.com.br\/index.php\/wp-json\/wp\/v2\/product\/2555"}],"collection":[{"href":"https:\/\/atacado.escribapapelaria.com.br\/index.php\/wp-json\/wp\/v2\/product"}],"about":[{"href":"https:\/\/atacado.escribapapelaria.com.br\/index.php\/wp-json\/wp\/v2\/types\/product"}],"replies":[{"embeddable":true,"href":"https:\/\/atacado.escribapapelaria.com.br\/index.php\/wp-json\/wp\/v2\/comments?post=2555"}],"wp:featuredmedia":[{"embeddable":true,"href":"https:\/\/atacado.escribapapelaria.com.br\/index.php\/wp-json\/wp\/v2\/media\/4541"}],"wp:attachment":[{"href":"https:\/\/atacado.escribapapelaria.com.br\/index.php\/wp-json\/wp\/v2\/media?parent=2555"}],"curies":[{"name":"wp","href":"https:\/\/api.w.org\/{rel}","templated":true}]}}