{"id":2526,"date":"2020-12-08T11:04:00","date_gmt":"2020-12-08T14:04:00","guid":{"rendered":"http:\/\/atacado.escribapapelaria.com.br\/index.php\/produto\/import-placeholder-for-451\/"},"modified":"2021-10-22T14:24:19","modified_gmt":"2021-10-22T17:24:19","slug":"caneta-hidrografica-12-cores-leo-leo","status":"publish","type":"product","link":"https:\/\/atacado.escribapapelaria.com.br\/index.php\/produto\/caneta-hidrografica-12-cores-leo-leo\/","title":{"rendered":"Caneta hidrogr\u00e1fica 12 cores &#8211; L\u00e9o &#038; L\u00e9o"},"content":{"rendered":"<p>Caneta hidrogr\u00e1fica 12 cores &#8211; L\u00e9o &amp; L\u00e9o<\/p>\n<p><strong>PACOTE\u00a0 COM 12 UNIDADES<\/strong><\/p>\n","protected":false},"excerpt":{"rendered":"<p>Caneta hidrogr\u00e1fica 12 cores &#8211; L\u00e9o &amp; L\u00e9o PACOTE\u00a0 COM 12 UNIDADES<\/p>\n","protected":false},"featured_media":4209,"comment_status":"open","ping_status":"closed","template":"","meta":{"spay_email":""},"jetpack_sharing_enabled":true,"_links":{"self":[{"href":"https:\/\/atacado.escribapapelaria.com.br\/index.php\/wp-json\/wp\/v2\/product\/2526"}],"collection":[{"href":"https:\/\/atacado.escribapapelaria.com.br\/index.php\/wp-json\/wp\/v2\/product"}],"about":[{"href":"https:\/\/atacado.escribapapelaria.com.br\/index.php\/wp-json\/wp\/v2\/types\/product"}],"replies":[{"embeddable":true,"href":"https:\/\/atacado.escribapapelaria.com.br\/index.php\/wp-json\/wp\/v2\/comments?post=2526"}],"wp:featuredmedia":[{"embeddable":true,"href":"https:\/\/atacado.escribapapelaria.com.br\/index.php\/wp-json\/wp\/v2\/media\/4209"}],"wp:attachment":[{"href":"https:\/\/atacado.escribapapelaria.com.br\/index.php\/wp-json\/wp\/v2\/media?parent=2526"}],"curies":[{"name":"wp","href":"https:\/\/api.w.org\/{rel}","templated":true}]}}