{"id":2445,"date":"2020-12-08T11:03:30","date_gmt":"2020-12-08T14:03:30","guid":{"rendered":"http:\/\/atacado.escribapapelaria.com.br\/index.php\/produto\/import-placeholder-for-294\/"},"modified":"2021-09-24T16:59:33","modified_gmt":"2021-09-24T19:59:33","slug":"massa-areia-magica-12x-300g","status":"publish","type":"product","link":"https:\/\/atacado.escribapapelaria.com.br\/index.php\/produto\/massa-areia-magica-12x-300g\/","title":{"rendered":"Areia M\u00e1gica Cin\u00e9tica Modelar 200g &#8211; Cores sortidas &#8211; Acrilex"},"content":{"rendered":"<p>Areia M\u00e1gica Cin\u00e9tica Modelar 200g &#8211; Cores sortidas &#8211; Acrilex<\/p>\n<p><strong>CAIXA COM 12 UNIDADES<\/strong><\/p>\n","protected":false},"excerpt":{"rendered":"<p>Areia M\u00e1gica Cin\u00e9tica Modelar 200g &#8211; Cores sortidas &#8211; Acrilex CAIXA COM 12 UNIDADES<\/p>\n","protected":false},"featured_media":4458,"comment_status":"open","ping_status":"closed","template":"","meta":{"spay_email":""},"jetpack_sharing_enabled":true,"_links":{"self":[{"href":"https:\/\/atacado.escribapapelaria.com.br\/index.php\/wp-json\/wp\/v2\/product\/2445"}],"collection":[{"href":"https:\/\/atacado.escribapapelaria.com.br\/index.php\/wp-json\/wp\/v2\/product"}],"about":[{"href":"https:\/\/atacado.escribapapelaria.com.br\/index.php\/wp-json\/wp\/v2\/types\/product"}],"replies":[{"embeddable":true,"href":"https:\/\/atacado.escribapapelaria.com.br\/index.php\/wp-json\/wp\/v2\/comments?post=2445"}],"wp:featuredmedia":[{"embeddable":true,"href":"https:\/\/atacado.escribapapelaria.com.br\/index.php\/wp-json\/wp\/v2\/media\/4458"}],"wp:attachment":[{"href":"https:\/\/atacado.escribapapelaria.com.br\/index.php\/wp-json\/wp\/v2\/media?parent=2445"}],"curies":[{"name":"wp","href":"https:\/\/api.w.org\/{rel}","templated":true}]}}