{"id":2389,"date":"2020-12-08T11:02:59","date_gmt":"2020-12-08T14:02:59","guid":{"rendered":"http:\/\/atacado.escribapapelaria.com.br\/index.php\/produto\/import-placeholder-for-171\/"},"modified":"2021-09-22T16:43:46","modified_gmt":"2021-09-22T19:43:46","slug":"aquarela-12-cores-leo-leo","status":"publish","type":"product","link":"https:\/\/atacado.escribapapelaria.com.br\/index.php\/produto\/aquarela-12-cores-leo-leo\/","title":{"rendered":"Aquarela 12 cores &#8211; L\u00e9o &#038; L\u00e9o"},"content":{"rendered":"<p>Aquarela 12 cores &#8211; L\u00e9o &amp; L\u00e9o<\/p>\n<p><strong>PACOTE COM 6 UNIDADES<\/strong><\/p>\n","protected":false},"excerpt":{"rendered":"<p>Aquarela 12 cores &#8211; L\u00e9o &amp; L\u00e9o PACOTE COM 6 UNIDADES<\/p>\n","protected":false},"featured_media":4099,"comment_status":"open","ping_status":"closed","template":"","meta":{"spay_email":""},"jetpack_sharing_enabled":true,"_links":{"self":[{"href":"https:\/\/atacado.escribapapelaria.com.br\/index.php\/wp-json\/wp\/v2\/product\/2389"}],"collection":[{"href":"https:\/\/atacado.escribapapelaria.com.br\/index.php\/wp-json\/wp\/v2\/product"}],"about":[{"href":"https:\/\/atacado.escribapapelaria.com.br\/index.php\/wp-json\/wp\/v2\/types\/product"}],"replies":[{"embeddable":true,"href":"https:\/\/atacado.escribapapelaria.com.br\/index.php\/wp-json\/wp\/v2\/comments?post=2389"}],"wp:featuredmedia":[{"embeddable":true,"href":"https:\/\/atacado.escribapapelaria.com.br\/index.php\/wp-json\/wp\/v2\/media\/4099"}],"wp:attachment":[{"href":"https:\/\/atacado.escribapapelaria.com.br\/index.php\/wp-json\/wp\/v2\/media?parent=2389"}],"curies":[{"name":"wp","href":"https:\/\/api.w.org\/{rel}","templated":true}]}}