{"id":2387,"date":"2020-12-08T11:02:58","date_gmt":"2020-12-08T14:02:58","guid":{"rendered":"http:\/\/atacado.escribapapelaria.com.br\/index.php\/produto\/import-placeholder-for-160\/"},"modified":"2021-10-21T15:39:02","modified_gmt":"2021-10-21T18:39:02","slug":"apontador-s-deposito-plastico-redondo-leo-leo","status":"publish","type":"product","link":"https:\/\/atacado.escribapapelaria.com.br\/index.php\/produto\/apontador-s-deposito-plastico-redondo-leo-leo\/","title":{"rendered":"Apontador sem dep\u00f3sito pl\u00e1stico redondo &#8211; L\u00e9o &#038; L\u00e9o"},"content":{"rendered":"<p>Apontador sem dep\u00f3sito pl\u00e1stico redondo &#8211; L\u00e9o &amp; L\u00e9o<\/p>\n<p><strong>CAIXA COM 24 UNIDADES\u00a0<\/strong><\/p>\n","protected":false},"excerpt":{"rendered":"<p>Apontador sem dep\u00f3sito pl\u00e1stico redondo &#8211; L\u00e9o &amp; L\u00e9o CAIXA COM 24 UNIDADES\u00a0<\/p>\n","protected":false},"featured_media":4095,"comment_status":"open","ping_status":"closed","template":"","meta":{"spay_email":""},"jetpack_sharing_enabled":true,"_links":{"self":[{"href":"https:\/\/atacado.escribapapelaria.com.br\/index.php\/wp-json\/wp\/v2\/product\/2387"}],"collection":[{"href":"https:\/\/atacado.escribapapelaria.com.br\/index.php\/wp-json\/wp\/v2\/product"}],"about":[{"href":"https:\/\/atacado.escribapapelaria.com.br\/index.php\/wp-json\/wp\/v2\/types\/product"}],"replies":[{"embeddable":true,"href":"https:\/\/atacado.escribapapelaria.com.br\/index.php\/wp-json\/wp\/v2\/comments?post=2387"}],"wp:featuredmedia":[{"embeddable":true,"href":"https:\/\/atacado.escribapapelaria.com.br\/index.php\/wp-json\/wp\/v2\/media\/4095"}],"wp:attachment":[{"href":"https:\/\/atacado.escribapapelaria.com.br\/index.php\/wp-json\/wp\/v2\/media?parent=2387"}],"curies":[{"name":"wp","href":"https:\/\/api.w.org\/{rel}","templated":true}]}}