{"id":2385,"date":"2020-12-08T11:02:58","date_gmt":"2020-12-08T14:02:58","guid":{"rendered":"http:\/\/atacado.escribapapelaria.com.br\/index.php\/produto\/import-placeholder-for-158\/"},"modified":"2021-10-21T15:37:57","modified_gmt":"2021-10-21T18:37:57","slug":"apontador-s-deposito-plastico-retangular","status":"publish","type":"product","link":"https:\/\/atacado.escribapapelaria.com.br\/index.php\/produto\/apontador-s-deposito-plastico-retangular\/","title":{"rendered":"Apontador sem dep\u00f3sito pl\u00e1stico retangular &#8211; Kaz"},"content":{"rendered":"<p>Apontador sem dep\u00f3sito pl\u00e1stico retangular &#8211; Kaz<\/p>\n<p><strong>POTE COM 48 UNIDADES<\/strong><\/p>\n","protected":false},"excerpt":{"rendered":"<p>Apontador sem dep\u00f3sito pl\u00e1stico retangular &#8211; Kaz POTE COM 48 UNIDADES<\/p>\n","protected":false},"featured_media":4092,"comment_status":"open","ping_status":"closed","template":"","meta":{"spay_email":""},"jetpack_sharing_enabled":true,"_links":{"self":[{"href":"https:\/\/atacado.escribapapelaria.com.br\/index.php\/wp-json\/wp\/v2\/product\/2385"}],"collection":[{"href":"https:\/\/atacado.escribapapelaria.com.br\/index.php\/wp-json\/wp\/v2\/product"}],"about":[{"href":"https:\/\/atacado.escribapapelaria.com.br\/index.php\/wp-json\/wp\/v2\/types\/product"}],"replies":[{"embeddable":true,"href":"https:\/\/atacado.escribapapelaria.com.br\/index.php\/wp-json\/wp\/v2\/comments?post=2385"}],"wp:featuredmedia":[{"embeddable":true,"href":"https:\/\/atacado.escribapapelaria.com.br\/index.php\/wp-json\/wp\/v2\/media\/4092"}],"wp:attachment":[{"href":"https:\/\/atacado.escribapapelaria.com.br\/index.php\/wp-json\/wp\/v2\/media?parent=2385"}],"curies":[{"name":"wp","href":"https:\/\/api.w.org\/{rel}","templated":true}]}}