{"id":2380,"date":"2020-12-08T11:02:58","date_gmt":"2020-12-08T14:02:58","guid":{"rendered":"http:\/\/atacado.escribapapelaria.com.br\/index.php\/produto\/import-placeholder-for-153\/"},"modified":"2021-10-21T10:40:28","modified_gmt":"2021-10-21T13:40:28","slug":"apontador-c-depodito-leo-leo-cor-pastel","status":"publish","type":"product","link":"https:\/\/atacado.escribapapelaria.com.br\/index.php\/produto\/apontador-c-depodito-leo-leo-cor-pastel\/","title":{"rendered":"Apontador com dep\u00f3sito &#8211; Pastel (cores sortidas) &#8211; L\u00e9o &#038; L\u00e9o"},"content":{"rendered":"<p>Apontador com dep\u00f3sito &#8211; Pastel (cores sortidas) &#8211; L\u00e9o &amp; L\u00e9o<\/p>\n<p><strong>CAIXA COM 24 UNIDADES<\/strong><\/p>\n","protected":false},"excerpt":{"rendered":"<p>Apontador com dep\u00f3sito &#8211; Pastel (cores sortidas) &#8211; L\u00e9o &amp; L\u00e9o CAIXA COM 24 UNIDADES<\/p>\n","protected":false},"featured_media":4084,"comment_status":"open","ping_status":"closed","template":"","meta":{"spay_email":""},"jetpack_sharing_enabled":true,"_links":{"self":[{"href":"https:\/\/atacado.escribapapelaria.com.br\/index.php\/wp-json\/wp\/v2\/product\/2380"}],"collection":[{"href":"https:\/\/atacado.escribapapelaria.com.br\/index.php\/wp-json\/wp\/v2\/product"}],"about":[{"href":"https:\/\/atacado.escribapapelaria.com.br\/index.php\/wp-json\/wp\/v2\/types\/product"}],"replies":[{"embeddable":true,"href":"https:\/\/atacado.escribapapelaria.com.br\/index.php\/wp-json\/wp\/v2\/comments?post=2380"}],"wp:featuredmedia":[{"embeddable":true,"href":"https:\/\/atacado.escribapapelaria.com.br\/index.php\/wp-json\/wp\/v2\/media\/4084"}],"wp:attachment":[{"href":"https:\/\/atacado.escribapapelaria.com.br\/index.php\/wp-json\/wp\/v2\/media?parent=2380"}],"curies":[{"name":"wp","href":"https:\/\/api.w.org\/{rel}","templated":true}]}}